{"id":243,"date":"2023-07-01T20:36:57","date_gmt":"2023-07-01T23:36:57","guid":{"rendered":"http:\/\/carolinepezzi.com.br\/?post_type=product&#038;p=243"},"modified":"2023-07-01T20:36:57","modified_gmt":"2023-07-01T23:36:57","slug":"acompanhamento","status":"publish","type":"product","link":"https:\/\/carolinepezzi.com.br\/index.php\/produto\/acompanhamento\/","title":{"rendered":"Acompanhamento"},"content":{"rendered":"<p>A terapia comportamental \u00e9 baseada em orienta\u00e7\u00f5es, treinamentos espec\u00edficos, mudan\u00e7as no ambiente e no manejo do animal, e em alguns casos, medica\u00e7\u00e3o. Dependendo do caso, s\u00e3o necess\u00e1rias visitas de retorno para realizar ajustes e dar prosseguimento ao treinamento. O n\u00famero de atendimentos necess\u00e1rios depender\u00e1 da severidade do caso, do ritmo de progresso apresentado pelo animal e da necessidade de aux\u00edlio por parte da fam\u00edlia. Portanto, o tempo total de terapia comportamental pode variar bastante, sendo que as orienta\u00e7\u00f5es e exerc\u00edcios realizados durante os encontros dever\u00e3o ser praticados em casa pelos tutores, para o sucesso do tratamento.<\/p>\n","protected":false},"excerpt":{"rendered":"<p>Atendimento de Retorno da Consultoria Comportamental. Pode ser realizado at\u00e9 90 dias ap\u00f3s consulta inicial. A terapia comportamental \u00e9 baseada em orienta\u00e7\u00f5es, treinamentos espec\u00edficos, mudan\u00e7as no ambiente e no manejo do animal, e em alguns casos, medica\u00e7\u00e3o. Dependendo do caso, s\u00e3o necess\u00e1rias visitas de retorno para realizar ajustes e dar prosseguimento ao treinamento. O n\u00famero de atendimentos necess\u00e1rios depender\u00e1 da severidade do caso, do ritmo de progresso apresentado pelo animal e da necessidade de aux\u00edlio por parte da fam\u00edlia. Portanto, o tempo total de terapia comportamental pode variar bastante, sendo que as orienta\u00e7\u00f5es e exerc\u00edcios realizados durante os encontros dever\u00e3o ser praticados em casa pelos tutores, para o sucesso do tratamento.<\/p>\n","protected":false},"featured_media":244,"template":"","meta":[],"product_brand":[],"product_cat":[20],"product_tag":[],"class_list":{"0":"post-243","1":"product","2":"type-product","3":"status-publish","4":"has-post-thumbnail","6":"product_cat-sem-categoria","8":"first","9":"instock","10":"virtual","11":"purchasable","12":"product-type-simple"},"aioseo_notices":[],"_links":{"self":[{"href":"https:\/\/carolinepezzi.com.br\/index.php\/wp-json\/wp\/v2\/product\/243","targetHints":{"allow":["GET"]}}],"collection":[{"href":"https:\/\/carolinepezzi.com.br\/index.php\/wp-json\/wp\/v2\/product"}],"about":[{"href":"https:\/\/carolinepezzi.com.br\/index.php\/wp-json\/wp\/v2\/types\/product"}],"wp:featuredmedia":[{"embeddable":true,"href":"https:\/\/carolinepezzi.com.br\/index.php\/wp-json\/wp\/v2\/media\/244"}],"wp:attachment":[{"href":"https:\/\/carolinepezzi.com.br\/index.php\/wp-json\/wp\/v2\/media?parent=243"}],"wp:term":[{"taxonomy":"product_brand","embeddable":true,"href":"https:\/\/carolinepezzi.com.br\/index.php\/wp-json\/wp\/v2\/product_brand?post=243"},{"taxonomy":"product_cat","embeddable":true,"href":"https:\/\/carolinepezzi.com.br\/index.php\/wp-json\/wp\/v2\/product_cat?post=243"},{"taxonomy":"product_tag","embeddable":true,"href":"https:\/\/carolinepezzi.com.br\/index.php\/wp-json\/wp\/v2\/product_tag?post=243"}],"curies":[{"name":"wp","href":"https:\/\/api.w.org\/{rel}","templated":true}]}}