{"id":238,"date":"2023-07-01T17:51:51","date_gmt":"2023-07-01T20:51:51","guid":{"rendered":"http:\/\/carolinepezzi.com.br\/?post_type=product&#038;p=238"},"modified":"2023-07-01T17:59:30","modified_gmt":"2023-07-01T20:59:30","slug":"consultoria-comportamental-canina","status":"publish","type":"product","link":"https:\/\/carolinepezzi.com.br\/index.php\/produto\/consultoria-comportamental-canina\/","title":{"rendered":"Consultoria Comportamental Canina"},"content":{"rendered":"<p>A<strong>\u00a0Consultoria Comportamental Canina<\/strong>\u00a0visa o tratamento de problemas comportamentais e orienta\u00e7\u00e3o aos tutores.<\/p>\n<p>Os atendimentos s\u00e3o realizados em domic\u00edlio e com a participa\u00e7\u00e3o dos tutores, para que eles compreendam as poss\u00edveis causas do problema, os fatores que os desencadeiam, que comportamentos eles podem estar tendo que est\u00e3o mantendo essa din\u00e2mica e as consequ\u00eancias para o bem-estar do animal. Por\u00e9m, nos casos em que o tutor reside em outra cidade, tamb\u00e9m posso realizar\u00a0<a href=\"https:\/\/www.carolinepezzi.com.br\/atendimento-online\/\">atendimento \u00e0 dist\u00e2ncia, online<\/a>.<\/p>\n<p>Durante o primeiro atendimento, \u00e9 feita a avalia\u00e7\u00e3o do caso, observando-se o comportamento do animal, do seu ambiente e das intera\u00e7\u00f5es com os outros animais e humanos.\u00a0<strong>Mesmo que o comportamento inadequado n\u00e3o possa ser observado durante a consultoria, atrav\u00e9s da entrevista com os tutores poderei obter as informa\u00e7\u00f5es necess\u00e1rias.<\/strong>\u00a0Quanto mais completo e detalhado o relato, mais facilmente conseguirei entender o contexto e estabelecer a melhor linha de tratamento a ser seguida. Por isso, encorajo os tutores a apresentarem fotos, v\u00eddeos e descri\u00e7\u00e3o completa do que j\u00e1 tentaram em rela\u00e7\u00e3o ao comportamento que desejam modificar, o que funcionou ou n\u00e3o, hist\u00f3rico de doen\u00e7as, medica\u00e7\u00f5es tomadas e outras informa\u00e7\u00f5es relevantes.<\/p>\n<p>Ap\u00f3s compreender as causas dos comportamentos problem\u00e1ticos, a terapia comportamental \u00e9 definida e j\u00e1 colocada em pr\u00e1tica nesse primeiro encontro. Ela \u00e9 baseada em treinamentos espec\u00edficos, mudan\u00e7as no ambiente e manejo do animal. As modifica\u00e7\u00f5es e exerc\u00edcios realizados durante as sess\u00f5es dever\u00e3o ser seguidos e praticados em casa pelos tutores, para o sucesso do tratamento.<\/p>\n<p>Podem ser necess\u00e1rias visitas de retorno e sess\u00f5es complementares para realizar ajustes e corre\u00e7\u00f5es, esclarecimento de d\u00favidas, avalia\u00e7\u00e3o e prosseguimento do tratamento. O n\u00famero de atendimentos necess\u00e1rios depender\u00e1 da severidade do caso, do ritmo de progresso apresentado pelo animal e da necessidade de aux\u00edlio por parte da fam\u00edlia. Portanto, o tempo total de terapia comportamental pode variar bastante.<\/p>\n<p><strong>\u00a0\u00a0\u00a0\u00a0 O ideal \u00e9 realizar a Consultoria Comportamental em domicilio, para avalia\u00e7\u00e3o do ambiente e do comportamento natural do c\u00e3o. Por\u00e9m, nos casos em que o tutor reside em outra cidade, tamb\u00e9m posso realizar\u00a0<a href=\"https:\/\/www.carolinepezzi.com.br\/atendimento-online\/\">atendimento online<\/a>.<\/strong><\/p>\n<p><strong>A Consultoria Comportamental Canina \u00e9 indicada para casos de:<\/strong><\/p>\n<ul>\n<li>Animais que n\u00e3o atendem aos pedidos de obedi\u00eancia<\/li>\n<li>Xixi e coc\u00f4 fora do local desejado<\/li>\n<li>Latidos excessivos<\/li>\n<li>Destrui\u00e7\u00e3o de m\u00f3veis e objetos<\/li>\n<li>Orienta\u00e7\u00e3o de como criar um filhote para evitar problemas futuros<\/li>\n<li>Brincadeiras de morder<\/li>\n<li>Chegada de um beb\u00ea humano<\/li>\n<li>Animais que n\u00e3o se deixam tocar, tomar banho, consulta ao veterin\u00e1rio, \u2026<\/li>\n<li>Agressividade contra pessoas ou outros animais<\/li>\n<li>Medo e fobia de pessoas, animais, objetos, chuva, foguetes, \u2026<\/li>\n<li>Escolha do animal adequado para cada estilo de vida<\/li>\n<li>Introdu\u00e7\u00e3o de novos membros na casa<\/li>\n<li>Ansiedade de separa\u00e7\u00e3o (animais que n\u00e3o ficam sozinhos)<\/li>\n<li>Coprofagia (animais que comem fezes)<\/li>\n<li>Compulsividade (lamber excessivamente, correr atr\u00e1s do rabo, perseguir luzes, entre outros.)<\/li>\n<\/ul>\n","protected":false},"excerpt":{"rendered":"<p>A<strong>\u00a0Consultoria Comportamental Canina<\/strong>\u00a0visa o tratamento de problemas comportamentais e orienta\u00e7\u00e3o aos tutores.<\/p>\n","protected":false},"featured_media":239,"template":"","meta":[],"product_brand":[],"product_cat":[20],"product_tag":[25,23,21,22,24],"class_list":{"0":"post-238","1":"product","2":"type-product","3":"status-publish","4":"has-post-thumbnail","6":"product_cat-sem-categoria","7":"product_tag-behaviour","8":"product_tag-cachorro","9":"product_tag-comportamento","10":"product_tag-consultoria","11":"product_tag-dog","13":"first","14":"instock","15":"virtual","16":"purchasable","17":"product-type-simple"},"aioseo_notices":[],"_links":{"self":[{"href":"https:\/\/carolinepezzi.com.br\/index.php\/wp-json\/wp\/v2\/product\/238","targetHints":{"allow":["GET"]}}],"collection":[{"href":"https:\/\/carolinepezzi.com.br\/index.php\/wp-json\/wp\/v2\/product"}],"about":[{"href":"https:\/\/carolinepezzi.com.br\/index.php\/wp-json\/wp\/v2\/types\/product"}],"wp:featuredmedia":[{"embeddable":true,"href":"https:\/\/carolinepezzi.com.br\/index.php\/wp-json\/wp\/v2\/media\/239"}],"wp:attachment":[{"href":"https:\/\/carolinepezzi.com.br\/index.php\/wp-json\/wp\/v2\/media?parent=238"}],"wp:term":[{"taxonomy":"product_brand","embeddable":true,"href":"https:\/\/carolinepezzi.com.br\/index.php\/wp-json\/wp\/v2\/product_brand?post=238"},{"taxonomy":"product_cat","embeddable":true,"href":"https:\/\/carolinepezzi.com.br\/index.php\/wp-json\/wp\/v2\/product_cat?post=238"},{"taxonomy":"product_tag","embeddable":true,"href":"https:\/\/carolinepezzi.com.br\/index.php\/wp-json\/wp\/v2\/product_tag?post=238"}],"curies":[{"name":"wp","href":"https:\/\/api.w.org\/{rel}","templated":true}]}}