{"id":9,"date":"2022-11-16T16:14:08","date_gmt":"2022-11-16T19:14:08","guid":{"rendered":"http:\/\/carolinepezzi.com.br\/index.php\/page\/"},"modified":"2024-08-15T16:06:59","modified_gmt":"2024-08-15T19:06:59","slug":"servicos","status":"publish","type":"page","link":"https:\/\/carolinepezzi.com.br\/index.php\/servicos\/","title":{"rendered":"Servi\u00e7os"},"content":{"rendered":"<h3><strong>Saiba mais sobre nossos servi\u00e7os<\/strong><\/h3>\n<p><a href=\"https:\/\/carolinepezzi.com.br\/index.php\/aulas-individuais\/\">Aulas Individuais<\/a><\/p>\n<p><a href=\"https:\/\/carolinepezzi.com.br\/index.php\/consulta-comportamental-canina\/\" target=\"_blank\" rel=\"noopener noreferrer\">Consultoria Comportamental Canina<\/a><\/p>\n<p><a href=\"https:\/\/carolinepezzi.com.br\/index.php\/consulta-comportamental-felina\/\" target=\"_blank\" rel=\"noopener noreferrer\">Consultoria Comportamental Felina<\/a><\/p>\n<p><a href=\"https:\/\/carolinepezzi.com.br\/index.php\/pet-sitter\/\">Pet Sitter<\/a><\/p>\n<h3><\/h3>\n<h3><strong>Principais Problemas de Comportamento Tratados<\/strong><\/h3>\n<ul>\n<li>Xixi e coc\u00f4 fora do local desejado<\/li>\n<li>C\u00e3es que n\u00e3o obedecem<\/li>\n<li>Latidos excessivos<\/li>\n<li>Destrui\u00e7\u00e3o de m\u00f3veis e objetos<\/li>\n<li>Orienta\u00e7\u00e3o de como criar um filhote para evitar problemas futuros<\/li>\n<li>Pulos nas visitas<\/li>\n<li>Brincadeiras de morder<\/li>\n<li>Chegada de um beb\u00ea humano<\/li>\n<li>C\u00e3es que puxam a guia durante o passeio<\/li>\n<li>Animais que n\u00e3o se deixam tocar, tomar banho, consulta ao veterin\u00e1rio, \u2026<\/li>\n<li>Agressividade contra pessoas ou outros animais<\/li>\n<li>Medo e fobia de pessoas, animais, objetos, chuva, foguetes, \u2026<\/li>\n<li>Escolha do animal adequado para cada estilo de vida<\/li>\n<li>Introdu\u00e7\u00e3o de novos membros na casa<\/li>\n<li>Ansiedade de separa\u00e7\u00e3o (animais que n\u00e3o ficam sozinhos)<\/li>\n<li>Coprofagia (animais que comem fezes)<\/li>\n<li>Compulsividade (lamber excessivamente, correr atr\u00e1s do rabo, perseguir luzes, entre outros.)<\/li>\n<\/ul>\n","protected":false},"excerpt":{"rendered":"<p>Saiba mais sobre nossos servi\u00e7os Aulas Individuais Consultoria Comportamental Canina Consultoria Comportamental Felina Pet Sitter Principais Problemas de Comportamento Tratados Xixi e coc\u00f4 fora do local desejado C\u00e3es que n\u00e3o obedecem Latidos excessivos Destrui\u00e7\u00e3o de m\u00f3veis e objetos Orienta\u00e7\u00e3o de como criar um filhote para evitar problemas futuros Pulos nas visitas Brincadeiras de morder Chegada de um beb\u00ea humano C\u00e3es que puxam a guia durante o passeio Animais que n\u00e3o se deixam tocar, tomar banho, consulta ao veterin\u00e1rio, \u2026 Agressividade contra pessoas ou outros animais Medo e fobia de pessoas, animais, objetos, chuva, foguetes, \u2026 Escolha do animal adequado para&#8230; <\/p>\n","protected":false},"author":1,"featured_media":0,"parent":0,"menu_order":0,"comment_status":"closed","ping_status":"closed","template":"","meta":{"footnotes":""},"class_list":["post-9","page","type-page","status-publish","hentry"],"aioseo_notices":[],"_links":{"self":[{"href":"https:\/\/carolinepezzi.com.br\/index.php\/wp-json\/wp\/v2\/pages\/9","targetHints":{"allow":["GET"]}}],"collection":[{"href":"https:\/\/carolinepezzi.com.br\/index.php\/wp-json\/wp\/v2\/pages"}],"about":[{"href":"https:\/\/carolinepezzi.com.br\/index.php\/wp-json\/wp\/v2\/types\/page"}],"author":[{"embeddable":true,"href":"https:\/\/carolinepezzi.com.br\/index.php\/wp-json\/wp\/v2\/users\/1"}],"replies":[{"embeddable":true,"href":"https:\/\/carolinepezzi.com.br\/index.php\/wp-json\/wp\/v2\/comments?post=9"}],"version-history":[{"count":3,"href":"https:\/\/carolinepezzi.com.br\/index.php\/wp-json\/wp\/v2\/pages\/9\/revisions"}],"predecessor-version":[{"id":520,"href":"https:\/\/carolinepezzi.com.br\/index.php\/wp-json\/wp\/v2\/pages\/9\/revisions\/520"}],"wp:attachment":[{"href":"https:\/\/carolinepezzi.com.br\/index.php\/wp-json\/wp\/v2\/media?parent=9"}],"curies":[{"name":"wp","href":"https:\/\/api.w.org\/{rel}","templated":true}]}}