{"id":8,"date":"2022-11-16T16:14:08","date_gmt":"2022-11-16T19:14:08","guid":{"rendered":"http:\/\/carolinepezzi.com.br\/index.php\/blog\/"},"modified":"2024-08-15T15:50:03","modified_gmt":"2024-08-15T18:50:03","slug":"pet-sitter","status":"publish","type":"page","link":"https:\/\/carolinepezzi.com.br\/index.php\/pet-sitter\/","title":{"rendered":"Pet Sitter"},"content":{"rendered":"\n<p>\u00a0\u00a0\u00a0 <strong>Servi\u00e7o de Pet Sitter: Cuidado com Seu Pet com Conforto e Seguran\u00e7a<\/strong><\/p>\n\n\n\n<p>O <strong>servi\u00e7o de Pet Sitter<\/strong> oferece visitas personalizadas \u00e0 sua resid\u00eancia, com dura\u00e7\u00e3o de 1 hora, para cuidar do seu bichinho enquanto voc\u00ea est\u00e1 fora. Contamos com profissionais especializados em gatos &#8211; <strong>Cat Sitter<\/strong> e c\u00e3es &#8211; <strong>Dog Sitter<\/strong>. Este servi\u00e7o \u00e9 ideal para <strong>pets que n\u00e3o se adaptam bem a outros animais<\/strong>, ficam estressados em ambientes novos, <strong>n\u00e3o s\u00e3o castrados ou est\u00e3o no cio<\/strong>, ou s\u00e3o <strong>filhotes e idosos<\/strong>.<\/p>\n\n\n\n<h3 class=\"wp-block-heading\"><strong>Benef\u00edcios do Servi\u00e7o de Pet Sitter<\/strong><\/h3>\n\n\n\n<ul class=\"wp-block-list\">\n<li><strong>Conforto e Familiaridade:<\/strong> Seu pet permanece no <strong>conforto do seu lar<\/strong>, dormindo em sua <strong>caminha quentinha<\/strong> e cercado pelos <strong>cheiros familiares<\/strong> da sua casa.<\/li>\n\n\n\n<li><strong>Rotinas Inalteradas:<\/strong> Mantemos as <strong>rotinas di\u00e1rias e o ambiente<\/strong> inalterados, ajudando a minimizar o estresse causado pela sua aus\u00eancia.<\/li>\n\n\n\n<li><strong>Cuidados Personalizados:<\/strong> Nossos profissionais oferecem cuidados personalizados, garantindo que seu pet receba a aten\u00e7\u00e3o e carinho necess\u00e1rios enquanto voc\u00ea est\u00e1 fora.<\/li>\n<\/ul>\n\n\n\n<h3 class=\"wp-block-heading\"><strong>Por Que Escolher um Pet Sitter?<\/strong><\/h3>\n\n\n\n<p>O servi\u00e7o de Pet Sitter \u00e9 a escolha perfeita para:<\/p>\n\n\n\n<ul class=\"wp-block-list\">\n<li><strong>Pets que n\u00e3o se adaptam bem a outros animais:<\/strong> Ideal para animais que preferem ficar sozinhos ou que ficam estressados em ambientes novos.<\/li>\n\n\n\n<li><strong>Animais n\u00e3o castrados ou no cio:<\/strong> Garantia de cuidados especializados sem a necessidade de intera\u00e7\u00e3o com outros animais.<\/li>\n\n\n\n<li><strong>Filhotes e idosos:<\/strong> Atendimento cuidadoso e personalizado para pets em diferentes fases da vida.<\/li>\n\n\n\n<li><strong>Tutores que preferem n\u00e3o deixar seus pets em locais desconhecidos:<\/strong> Seu bichinho fica em casa, no ambiente que conhece e ama.<\/li>\n<\/ul>\n\n\n\n<p>Escolha o nosso <strong>servi\u00e7o de Pet Sitter<\/strong> para garantir que seu pet receba o melhor cuidado enquanto voc\u00ea est\u00e1 fora. <strong>Entre em contato conosco<\/strong> para mais informa\u00e7\u00f5es e para agendar uma visita!<\/p>\n","protected":false},"excerpt":{"rendered":"<p>\u00a0\u00a0\u00a0 Servi\u00e7o de Pet Sitter: Cuidado com Seu Pet com Conforto e Seguran\u00e7a O servi\u00e7o de Pet Sitter oferece visitas personalizadas \u00e0 sua resid\u00eancia, com dura\u00e7\u00e3o de 1 hora, para cuidar do seu bichinho enquanto voc\u00ea est\u00e1 fora. Contamos com profissionais especializados em gatos &#8211; Cat Sitter e c\u00e3es &#8211; Dog Sitter. Este servi\u00e7o \u00e9 ideal para pets que n\u00e3o se adaptam bem a outros animais, ficam estressados em ambientes novos, n\u00e3o s\u00e3o castrados ou est\u00e3o no cio, ou s\u00e3o filhotes e idosos. Benef\u00edcios do Servi\u00e7o de Pet Sitter Por Que Escolher um Pet Sitter? O servi\u00e7o de Pet Sitter&#8230; <\/p>\n","protected":false},"author":1,"featured_media":0,"parent":0,"menu_order":0,"comment_status":"closed","ping_status":"closed","template":"","meta":{"footnotes":""},"class_list":["post-8","page","type-page","status-publish","hentry"],"aioseo_notices":[],"_links":{"self":[{"href":"https:\/\/carolinepezzi.com.br\/index.php\/wp-json\/wp\/v2\/pages\/8","targetHints":{"allow":["GET"]}}],"collection":[{"href":"https:\/\/carolinepezzi.com.br\/index.php\/wp-json\/wp\/v2\/pages"}],"about":[{"href":"https:\/\/carolinepezzi.com.br\/index.php\/wp-json\/wp\/v2\/types\/page"}],"author":[{"embeddable":true,"href":"https:\/\/carolinepezzi.com.br\/index.php\/wp-json\/wp\/v2\/users\/1"}],"replies":[{"embeddable":true,"href":"https:\/\/carolinepezzi.com.br\/index.php\/wp-json\/wp\/v2\/comments?post=8"}],"version-history":[{"count":2,"href":"https:\/\/carolinepezzi.com.br\/index.php\/wp-json\/wp\/v2\/pages\/8\/revisions"}],"predecessor-version":[{"id":491,"href":"https:\/\/carolinepezzi.com.br\/index.php\/wp-json\/wp\/v2\/pages\/8\/revisions\/491"}],"wp:attachment":[{"href":"https:\/\/carolinepezzi.com.br\/index.php\/wp-json\/wp\/v2\/media?parent=8"}],"curies":[{"name":"wp","href":"https:\/\/api.w.org\/{rel}","templated":true}]}}