{"id":43,"date":"2022-11-16T16:57:14","date_gmt":"2022-11-16T19:57:14","guid":{"rendered":"http:\/\/carolinepezzi.com.br\/?page_id=43"},"modified":"2024-08-15T15:55:52","modified_gmt":"2024-08-15T18:55:52","slug":"consulta-comportamental-felina","status":"publish","type":"page","link":"https:\/\/carolinepezzi.com.br\/index.php\/consulta-comportamental-felina\/","title":{"rendered":"Consulta Comportamental Felina"},"content":{"rendered":"\n<p>&nbsp;&nbsp;&nbsp; Voc\u00ea sabia que existe&nbsp;<strong>Adestramento para Gatos<\/strong>?<\/p>\n\n\n\n<p>\u00a0\u00a0\u00a0\u00a0 Quando voc\u00ea decide dividir sua vida com um felino, seja um gatinho que voc\u00ea criou desde filhote ou se j\u00e1 o pegou adulto, voc\u00ea n\u00e3o imagina que poder\u00e1 enfrentar problemas de comportamento ou que desenvolver\u00e1 um relacionamento antag\u00f4nico com aquela bolinha de pelos. Imagine um comercial de televis\u00e3o onde os gatos se aninham com sua fam\u00edlia humana, correm para o prato da comida quando ela \u00e9 servida, sempre usam a caixa de areia, n\u00e3o arranham os m\u00f3veis e muito menos mordem a m\u00e3o que os alimenta. A<strong>\u00a0Consulta Comportamental Felina<\/strong>\u00a0pode ajudar voc\u00ea nisso!<\/p>\n\n\n\n<p>&nbsp;&nbsp;&nbsp;&nbsp; Se voc\u00ea est\u00e1 olhando para seu gato, pensando o que ser\u00e1 que pode ter dado errado,&nbsp;<strong>n\u00e3o perca as esperan\u00e7as!<\/strong>&nbsp;<strong>N\u00e3o \u00e9 tarde demais para mudar as coisas.<\/strong>&nbsp;Muitos dos atendimentos comportamentais que realizo tem origem na fam\u00edlia humana n\u00e3o entender o que seus bichanos realmente necessitam e o que eles est\u00e3o comunicando com os \u201cmaus comportamentos\u201d. Muitas pessoas desistem e se resignam a viver com aquela situa\u00e7\u00e3o onde nem eles ou o gato est\u00e1 realmente feliz. Mas voc\u00eas n\u00e3o precisam viver assim. Muitas vezes o problema \u00e9 que o tutor do felino nunca recebeu informa\u00e7\u00e3o corretas sobre como os gatos devem ser treinados.<\/p>\n\n\n\n<p>&nbsp;&nbsp;&nbsp;&nbsp;&nbsp;<strong>Gatos n\u00e3o s\u00e3o c\u00e3es pequenos<\/strong>, e ainda assim muitas pessoas os v\u00eaem desse jeito. Quando isso ocorre, o gato e a fam\u00edlia humana saem perdendo. Voc\u00ea pode e deve amar seus gatos como estimados membros da fam\u00edlia, por\u00e9m \u00e9 crucial reconhecer que eles s\u00e3o gatos e n\u00e3o beb\u00eas humanos peludinhos. Gatos t\u00eam sua pr\u00f3pria maneira de se comunicar, t\u00eam necessidades emocionais e f\u00edsicas espec\u00edficas. Imagine o qu\u00e3o melhor pode ser seu relacionamento com seu bichano se voc\u00ea tivesse as ferramentas para entender o que ele est\u00e1 comunicando com seu comportamento e pudesse efetivamente usar esse conhecimento para resolver problemas.<\/p>\n\n\n\n<p>&nbsp;&nbsp;&nbsp;&nbsp; Para muitas pessoas, a rela\u00e7\u00e3o com seus felinos corre bem pelos anos e at\u00e9 pela vida do bichano. Infelizmente, isso n\u00e3o ocorre com todos. Muitos de n\u00f3s nos encontramos dividindo a vida com gatos que j\u00e1 viveram na rua. Esses animais t\u00eam um hist\u00f3rico que influencia seu comportamento atual e futuro. Essas influ\u00eancias s\u00e3o poderosas, mas elas podem, em muitos casos, ser modificadas ou ao menos melhoradas atrav\u00e9s de modifica\u00e7\u00e3o comportamental.<\/p>\n\n\n\n<h4 class=\"wp-block-heading\"><strong>COMO FUNCIONA:<\/strong><\/h4>\n\n\n\n<p>\u00a0\u00a0\u00a0\u00a0 A<strong>\u00a0Consulta Comportamental Felina<\/strong>\u00a0visa o tratamento de problemas comportamentais e orienta\u00e7\u00e3o aos tutores.<\/p>\n\n\n\n<p>\u00a0\u00a0\u00a0\u00a0 Os atendimentos s\u00e3o realizados em domic\u00edlio e com a participa\u00e7\u00e3o dos tutores, para que eles compreendam as poss\u00edveis causas do problema, os fatores que os desencadeiam, que comportamentos eles podem estar tendo que est\u00e3o mantendo essa din\u00e2mica e as consequ\u00eancias para o bem-estar do animal. Por\u00e9m, nos casos em que o tutor reside em outra cidade, tamb\u00e9m posso realizar\u00a0<a href=\"https:\/\/carolinepezzi.com.br\/index.php\/atendimento-online\/\" title=\"\">atendimento \u00e0 dist\u00e2ncia, online.<\/a><\/p>\n\n\n\n<p>&nbsp;&nbsp;&nbsp;&nbsp; Durante o primeiro atendimento, \u00e9 feita a avalia\u00e7\u00e3o do caso, observando-se o comportamento do animal, do seu ambiente e das intera\u00e7\u00f5es com os outros animais e humanos.&nbsp;<strong>Mesmo que o comportamento inadequado n\u00e3o possa ser observado durante a consultoria, atrav\u00e9s da entrevista com os tutores poderei obter as informa\u00e7\u00f5es necess\u00e1rias.<\/strong>&nbsp;Quanto mais completo e detalhado o relato, mais facilmente conseguirei entender o contexto e estabelecer a melhor linha de tratamento a ser seguida. Por isso, encorajo os tutores a apresentarem fotos, v\u00eddeos e descri\u00e7\u00e3o completa do que j\u00e1 tentaram em rela\u00e7\u00e3o ao comportamento que desejam modificar, o que funcionou ou n\u00e3o, hist\u00f3rico de doen\u00e7as, medica\u00e7\u00f5es tomadas e outras informa\u00e7\u00f5es relevantes.<\/p>\n\n\n\n<p>&nbsp;&nbsp;&nbsp;&nbsp; Ap\u00f3s compreender as causas dos comportamentos problem\u00e1ticos, a terapia comportamental \u00e9 definida e j\u00e1 colocada em pr\u00e1tica nesse primeiro encontro. Ela \u00e9 baseada em treinamentos espec\u00edficos, mudan\u00e7as no ambiente e manejo do animal. As modifica\u00e7\u00f5es e exerc\u00edcios realizados durante as sess\u00f5es dever\u00e3o ser seguidos e praticados em casa pelos tutores, para o sucesso do tratamento.<\/p>\n\n\n\n<p>&nbsp;&nbsp;&nbsp;&nbsp; Podem ser necess\u00e1rias visitas de retorno e sess\u00f5es complementares para realizar ajustes e corre\u00e7\u00f5es, esclarecimento de d\u00favidas, avalia\u00e7\u00e3o e prosseguimento do tratamento. O n\u00famero de atendimentos necess\u00e1rios depender\u00e1 da severidade do caso, do ritmo de progresso apresentado pelo animal e da necessidade de aux\u00edlio por parte da fam\u00edlia. Portanto, o tempo total de terapia comportamental pode variar bastante.<\/p>\n\n\n\n<p><strong>\u00a0\u00a0\u00a0\u00a0 O ideal \u00e9 realizar a Consulta Comportamental em domicilio, para avalia\u00e7\u00e3o do ambiente e do comportamento natural do gato. Por\u00e9m, nos casos em que o tutor reside em outra cidade, tamb\u00e9m posso realizar\u00a0<a href=\"https:\/\/carolinepezzi.com.br\/index.php\/atendimento-online\/\" title=\"\">atendimento online<\/a>.<\/strong><\/p>\n\n\n\n<p>\u00a0\u00a0\u00a0\u00a0\u00a0<strong>A Consulta Comportamental Felina \u00e9 indicada para casos de:<\/strong><\/p>\n\n\n\n<ul class=\"wp-block-list\">\n<li>Adapta\u00e7\u00e3o de Gatos<\/li>\n\n\n\n<li>Gatos subindo na tv, na mesa, nos m\u00f3veis<\/li>\n\n\n\n<li>Gato fazendo xixi ou coc\u00f4 fora da caixa de areia<\/li>\n\n\n\n<li>Gato marcando territ\u00f3rio<\/li>\n\n\n\n<li>Gato miando muito<\/li>\n\n\n\n<li>Destrui\u00e7\u00e3o de m\u00f3veis e objetos, gatos arranhando o sof\u00e1 ou locais inadequados<\/li>\n\n\n\n<li>Orienta\u00e7\u00e3o de como criar um filhote para evitar problemas futuros<\/li>\n\n\n\n<li>Gato mordendo, ataques aos tutores<\/li>\n\n\n\n<li>Gatos brigando<\/li>\n\n\n\n<li>Chegada de um beb\u00ea humano<\/li>\n\n\n\n<li>Animais que n\u00e3o se deixam tocar, tomar banho, consulta ao veterin\u00e1rio, \u2026<\/li>\n\n\n\n<li>Medo e fobia de pessoas, animais, objetos, chuva, foguetes, \u2026<\/li>\n\n\n\n<li>Escolha do animal adequado para cada estilo de vida<\/li>\n\n\n\n<li>Introdu\u00e7\u00e3o de novos membros na casa<\/li>\n\n\n\n<li>Ansiedade de separa\u00e7\u00e3o (animais que n\u00e3o ficam sozinhos)<\/li>\n\n\n\n<li>Compulsividade (lamber excessivamente, arrancar pelos, entre outros.)<\/li>\n<\/ul>\n","protected":false},"excerpt":{"rendered":"<p>&nbsp;&nbsp;&nbsp; Voc\u00ea sabia que existe&nbsp;Adestramento para Gatos? \u00a0\u00a0\u00a0\u00a0 Quando voc\u00ea decide dividir sua vida com um felino, seja um gatinho que voc\u00ea criou desde filhote ou se j\u00e1 o pegou adulto, voc\u00ea n\u00e3o imagina que poder\u00e1 enfrentar problemas de comportamento ou que desenvolver\u00e1 um relacionamento antag\u00f4nico com aquela bolinha de pelos. Imagine um comercial de televis\u00e3o onde os gatos se aninham com sua fam\u00edlia humana, correm para o prato da comida quando ela \u00e9 servida, sempre usam a caixa de areia, n\u00e3o arranham os m\u00f3veis e muito menos mordem a m\u00e3o que os alimenta. A\u00a0Consulta Comportamental Felina\u00a0pode ajudar voc\u00ea nisso!&#8230; <\/p>\n","protected":false},"author":1,"featured_media":0,"parent":0,"menu_order":0,"comment_status":"closed","ping_status":"closed","template":"","meta":{"footnotes":""},"class_list":["post-43","page","type-page","status-publish","hentry"],"aioseo_notices":[],"_links":{"self":[{"href":"https:\/\/carolinepezzi.com.br\/index.php\/wp-json\/wp\/v2\/pages\/43","targetHints":{"allow":["GET"]}}],"collection":[{"href":"https:\/\/carolinepezzi.com.br\/index.php\/wp-json\/wp\/v2\/pages"}],"about":[{"href":"https:\/\/carolinepezzi.com.br\/index.php\/wp-json\/wp\/v2\/types\/page"}],"author":[{"embeddable":true,"href":"https:\/\/carolinepezzi.com.br\/index.php\/wp-json\/wp\/v2\/users\/1"}],"replies":[{"embeddable":true,"href":"https:\/\/carolinepezzi.com.br\/index.php\/wp-json\/wp\/v2\/comments?post=43"}],"version-history":[{"count":2,"href":"https:\/\/carolinepezzi.com.br\/index.php\/wp-json\/wp\/v2\/pages\/43\/revisions"}],"predecessor-version":[{"id":513,"href":"https:\/\/carolinepezzi.com.br\/index.php\/wp-json\/wp\/v2\/pages\/43\/revisions\/513"}],"wp:attachment":[{"href":"https:\/\/carolinepezzi.com.br\/index.php\/wp-json\/wp\/v2\/media?parent=43"}],"curies":[{"name":"wp","href":"https:\/\/api.w.org\/{rel}","templated":true}]}}