{"id":41,"date":"2022-11-16T16:56:05","date_gmt":"2022-11-16T19:56:05","guid":{"rendered":"http:\/\/carolinepezzi.com.br\/?page_id=41"},"modified":"2024-08-15T16:02:11","modified_gmt":"2024-08-15T19:02:11","slug":"consulta-comportamental-canina","status":"publish","type":"page","link":"https:\/\/carolinepezzi.com.br\/index.php\/consulta-comportamental-canina\/","title":{"rendered":"Consulta Comportamental Canina"},"content":{"rendered":"\n<p>Ningu\u00e9m adota ou compra um bichinho imaginando que poder\u00e1 enfrentar problemas de comportamento. Por\u00e9m, isso muitas vezes acontece, e nesse caso, a <strong>Consulta Comportamental Canina <\/strong>pode ajudar a harmonizar a rela\u00e7\u00e3o do pet com sua fam\u00edlia humana. Frequentemente, animais s\u00e3o doados ou abandonados por problemas de comportamento, que muitas vezes s\u00e3o at\u00e9 simples de resolver. Muitos dos atendimentos comportamentais que realizo t\u00eam origem na fam\u00edlia humana n\u00e3o entender o que seus pets realmente necessitam e o que eles est\u00e3o comunicando com os \u201cmaus comportamentos\u201d. O que falta nessas situa\u00e7\u00f5es, \u00e9 <strong>acesso a informa\u00e7\u00e3o de qualidade<\/strong> sobre como lidar com esses problemas.<\/p>\n\n\n\n<p><strong>Imagine o qu\u00e3o melhor pode ser seu relacionamento com seu bichinho<\/strong> se voc\u00ea tivesse as ferramentas para entender o que ele est\u00e1 comunicando com seu comportamento e pudesse efetivamente usar esse conhecimento para resolver problemas.<\/p>\n\n\n\n<h2 class=\"wp-block-heading\">Para Quem se Destina?<\/h2>\n\n\n\n<p>As consultas s\u00e3o realizadas para tutores de c\u00e3es.<\/p>\n\n\n\n<h2 class=\"wp-block-heading\">Como Funciona?<\/h2>\n\n\n\n<p>A<strong> Consulta Comportamental Canina<\/strong> visa o tratamento de problemas comportamentais de c\u00e3es e orienta\u00e7\u00e3o aos seus tutores.<\/p>\n\n\n\n<p>Durante o primeiro atendimento, \u00e9 realizada a anamnese, onde coletam-se informa\u00e7\u00f5es do hist\u00f3rico do c\u00e3o, desde a sua chegada em casa at\u00e9 o presente momento. Isso inclui informa\u00e7\u00f5es sobre o ambiente em que o animal vive, sua rotina di\u00e1ria, a frequ\u00eancia e a gravidade dos comportamentos problem\u00e1ticos, al\u00e9m de informa\u00e7\u00f5es sobre a sa\u00fade geral do animal. Ser\u00e3o feitas perguntas sobre o contexto em que ocorrem os comportamentos problem\u00e1ticos, eventos desencadeantes e qualquer mudan\u00e7a recente no ambiente ou na rotina do animal. A veterin\u00e1ria ir\u00e1 observar e examinar o animal para avaliar seu comportamento, sua linguagem corporal, vocaliza\u00e7\u00f5es e a intera\u00e7\u00e3o do animal com o tutor e com o ambiente. Quando necess\u00e1rio, tamb\u00e9m s\u00e3o requisitados exames complementares para auxiliar no diagn\u00f3stico.\u00a0 Nessa consulta inicial, \u00e9 importante a participa\u00e7\u00e3o de todas as pessoas que convivem com o animal, j\u00e1 que muitas vezes os c\u00e3es e os gatos respondem de maneira diferente a cada uma das pessoas da casa.<\/p>\n\n\n\n<p><strong>Mesmo que o comportamento inadequado n\u00e3o possa ser observado durante a consulta, atrav\u00e9s da entrevista com os tutores \u00e9 poss\u00edvel obter as informa\u00e7\u00f5es necess\u00e1rias.<\/strong>&nbsp;Por isso, quanto mais completo e detalhado o relato, mais facilmente \u00e9 compreendido o contexto para estabelecer a linha de tratamento a ser seguida. Por isso, os tutores s\u00e3o encorajados a apresentarem fotos, v\u00eddeos e descri\u00e7\u00e3o completa do que j\u00e1 tentaram em rela\u00e7\u00e3o ao comportamento que desejam modificar, o que funcionou ou n\u00e3o, hist\u00f3rico de doen\u00e7as, medica\u00e7\u00f5es tomadas e outras informa\u00e7\u00f5es relevantes.<\/p>\n\n\n\n<p>Durante a consulta, a veterin\u00e1ria ir\u00e1 analisar com os tutores as poss\u00edveis causas do problema, seus fatores motivacionais e desencadeadores e as implica\u00e7\u00f5es para o bem-estar do animal e da fam\u00edlia, fornecendo orienta\u00e7\u00f5es detalhadas sobre o plano de tratamento mais adequado, que, sempre que poss\u00edvel, come\u00e7a a ser colocado em pr\u00e1tica desde a primeira consulta. O tratamento \u00e9 baseado em orienta\u00e7\u00f5es de mudan\u00e7as  no ambiente, rotina e manejo do animal, treinamentos espec\u00edficos, uso de medica\u00e7\u00e3o (se necess\u00e1rio) e outras abordagens terap\u00eauticas. As recomenda\u00e7\u00f5es e exerc\u00edcios realizados durante as sess\u00f5es dever\u00e3o ser seguidos e praticados em casa pelos tutores, para o sucesso do tratamento.<\/p>\n\n\n\n<p>Podem ser necess\u00e1rias visitas de retorno e sess\u00f5es complementares para realizar treinamentos espec\u00edficos, esclarecimento de d\u00favidas, ajustes e revis\u00f5es do tratamento. O n\u00famero de atendimentos necess\u00e1rios depender\u00e1 da severidade do caso, do ritmo de progresso apresentado pelo animal e da necessidade de aux\u00edlio por parte da fam\u00edlia. Portanto, o tempo total de terapia comportamental pode variar bastante.<\/p>\n\n\n\n<h2 class=\"wp-block-heading\">Onde S\u00e3o Realizadas as Consultas?<\/h2>\n\n\n\n<p>Geralmente, as consultas comportamentais para c\u00e3es s\u00e3o conduzidas em domic\u00edlio, quando os tutores residem em Porto Alegre. Quando residem fora, temos a op\u00e7\u00e3o de realizar o <a href=\"https:\/\/carolinepezzi.com.br\/index.php\/atendimento-online\/\" title=\"\">atendimento online<\/a>.<\/p>\n\n\n\n<h2 class=\"wp-block-heading\">Em que casos preciso de uma Consulta Comportamental Canina?<\/h2>\n\n\n\n<p><strong>A Consulta Comportamental Canina \u00e9 indicada para casos de:<\/strong><\/p>\n\n\n\n<ul class=\"wp-block-list\">\n<li>C\u00e3es que n\u00e3o atendem aos pedidos de obedi\u00eancia<\/li>\n\n\n\n<li>Xixi e coc\u00f4 fora do local desejado<\/li>\n\n\n\n<li>Latidos excessivos<\/li>\n\n\n\n<li>Destrui\u00e7\u00e3o de m\u00f3veis e objetos<\/li>\n\n\n\n<li>Orienta\u00e7\u00e3o de como criar um filhote para evitar problemas futuros<\/li>\n\n\n\n<li>Brincadeiras de morder<\/li>\n\n\n\n<li>Chegada de um beb\u00ea humano<\/li>\n\n\n\n<li>C\u00e3es que n\u00e3o se deixam tocar, tomar banho, consulta ao veterin\u00e1rio, \u2026<\/li>\n\n\n\n<li>Agressividade contra pessoas ou outros animais<\/li>\n\n\n\n<li>Medo e fobia de pessoas, animais, objetos, chuva, foguetes, \u2026<\/li>\n\n\n\n<li>Escolha do animal adequado para cada estilo de vida<\/li>\n\n\n\n<li>Introdu\u00e7\u00e3o de novos membros na casa<\/li>\n\n\n\n<li>Ansiedade de separa\u00e7\u00e3o (animais que n\u00e3o ficam sozinhos)<\/li>\n\n\n\n<li>Coprofagia (animais que comem fezes)<\/li>\n\n\n\n<li>Compulsividade (lamber excessivamente, correr atr\u00e1s do rabo, perseguir luzes, entre outros.)<\/li>\n<\/ul>\n","protected":false},"excerpt":{"rendered":"<p>Ningu\u00e9m adota ou compra um bichinho imaginando que poder\u00e1 enfrentar problemas de comportamento. Por\u00e9m, isso muitas vezes acontece, e nesse caso, a Consulta Comportamental Canina pode ajudar a harmonizar a rela\u00e7\u00e3o do pet com sua fam\u00edlia humana. Frequentemente, animais s\u00e3o doados ou abandonados por problemas de comportamento, que muitas vezes s\u00e3o at\u00e9 simples de resolver. Muitos dos atendimentos comportamentais que realizo t\u00eam origem na fam\u00edlia humana n\u00e3o entender o que seus pets realmente necessitam e o que eles est\u00e3o comunicando com os \u201cmaus comportamentos\u201d. O que falta nessas situa\u00e7\u00f5es, \u00e9 acesso a informa\u00e7\u00e3o de qualidade sobre como lidar com esses&#8230; <\/p>\n","protected":false},"author":1,"featured_media":0,"parent":0,"menu_order":0,"comment_status":"closed","ping_status":"closed","template":"","meta":{"footnotes":""},"class_list":["post-41","page","type-page","status-publish","hentry"],"aioseo_notices":[],"_links":{"self":[{"href":"https:\/\/carolinepezzi.com.br\/index.php\/wp-json\/wp\/v2\/pages\/41","targetHints":{"allow":["GET"]}}],"collection":[{"href":"https:\/\/carolinepezzi.com.br\/index.php\/wp-json\/wp\/v2\/pages"}],"about":[{"href":"https:\/\/carolinepezzi.com.br\/index.php\/wp-json\/wp\/v2\/types\/page"}],"author":[{"embeddable":true,"href":"https:\/\/carolinepezzi.com.br\/index.php\/wp-json\/wp\/v2\/users\/1"}],"replies":[{"embeddable":true,"href":"https:\/\/carolinepezzi.com.br\/index.php\/wp-json\/wp\/v2\/comments?post=41"}],"version-history":[{"count":13,"href":"https:\/\/carolinepezzi.com.br\/index.php\/wp-json\/wp\/v2\/pages\/41\/revisions"}],"predecessor-version":[{"id":515,"href":"https:\/\/carolinepezzi.com.br\/index.php\/wp-json\/wp\/v2\/pages\/41\/revisions\/515"}],"wp:attachment":[{"href":"https:\/\/carolinepezzi.com.br\/index.php\/wp-json\/wp\/v2\/media?parent=41"}],"curies":[{"name":"wp","href":"https:\/\/api.w.org\/{rel}","templated":true}]}}