{"id":2,"date":"2022-11-16T15:59:07","date_gmt":"2022-11-16T18:59:07","guid":{"rendered":"http:\/\/carolinepezzi.com.br\/?page_id=2"},"modified":"2024-08-15T15:28:07","modified_gmt":"2024-08-15T18:28:07","slug":"atendimento-online","status":"publish","type":"page","link":"https:\/\/carolinepezzi.com.br\/index.php\/atendimento-online\/","title":{"rendered":"Atendimento Online"},"content":{"rendered":"\n<p>&nbsp;&nbsp;&nbsp;&nbsp; Frequentemente, c\u00e3es e gatos s\u00e3o doados ou abandonados por problemas de comportamento, que muitas vezes s\u00e3o at\u00e9 simples de resolver. Muitos dos atendimentos comportamentais que realizo t\u00eam origem na fam\u00edlia humana n\u00e3o entender o que seus animais realmente necessitam e o que eles est\u00e3o comunicando com os \u201cmaus comportamentos\u201d. O que falta nessas situa\u00e7\u00f5es, \u00e9&nbsp;<strong>acesso a informa\u00e7\u00e3o de qualidade<\/strong>&nbsp;sobre como lidar com esses problemas.<\/p>\n\n\n\n<h4 class=\"wp-block-heading\"><strong>COMO FUNCIONA:<\/strong><\/h4>\n\n\n\n<p>\u00a0\u00a0\u00a0\u00a0 A <strong>Consultoria Comportamental Online<\/strong>\u00a0visa o tratamento de problemas comportamentais de c\u00e3es e gatos e orienta\u00e7\u00e3o aos tutores que residam em qualquer lugar do mundo.<\/p>\n\n\n\n<p>\u00a0\u00a0\u00a0\u00a0 Os atendimentos s\u00e3o realizados por Whatsapp e s\u00e3o explicadas as poss\u00edveis causas dos problemas, os fatores que os desencadeiam, que comportamentos os tutores podem estar tendo que est\u00e3o mantendo essa din\u00e2mica e as consequ\u00eancias para o bem-estar do animal.<\/p>\n\n\n\n<p>&nbsp;&nbsp;&nbsp;&nbsp; Durante o primeiro atendimento, \u00e9 feita a avalia\u00e7\u00e3o do caso, mediante o relato detalhado, observa\u00e7\u00f5es durante o atendimento e v\u00eddeos.&nbsp;<strong>Mesmo que o comportamento inadequado n\u00e3o possa ser observado durante o atendimento, atrav\u00e9s da entrevista com os tutores poderei obter as informa\u00e7\u00f5es necess\u00e1rias.<\/strong>&nbsp;Quanto mais completo e detalhado o relato, mais facilmente conseguirei entender o contexto e estabelecer a melhor linha de tratamento a ser seguida. Por isso, encorajo a apresenta\u00e7\u00e3o de fotos, v\u00eddeos e descri\u00e7\u00e3o completa do que j\u00e1 foi tentado em rela\u00e7\u00e3o ao comportamento que desejam modificar, o que funcionou ou n\u00e3o, hist\u00f3rico de doen\u00e7as, medica\u00e7\u00f5es tomadas e outras informa\u00e7\u00f5es relevantes.<\/p>\n\n\n\n<p>&nbsp;&nbsp;&nbsp;&nbsp; Ap\u00f3s compreender as causas dos comportamentos problem\u00e1ticos, a terapia comportamental \u00e9 definida e as orienta\u00e7\u00f5es, treinamentos, mudan\u00e7as no ambiente e manejo do animal s\u00e3o passadas aos tutores para que coloquem em pr\u00e1tica.<\/p>\n\n\n\n<p>&nbsp;&nbsp;&nbsp;&nbsp; Podem ser necess\u00e1rios atendimentos de retorno e sess\u00f5es complementares para realizar ajustes e corre\u00e7\u00f5es, esclarecimento de d\u00favidas, avalia\u00e7\u00e3o e prosseguimento do tratamento. O n\u00famero de atendimentos necess\u00e1rios depender\u00e1 da severidade do caso, do ritmo de progresso apresentado pelo animal e da necessidade de aux\u00edlio por parte da fam\u00edlia. Portanto, o tempo total de terapia comportamental pode variar bastante.<\/p>\n\n\n\n<p>\u00a0\u00a0\u00a0\u00a0\u00a0<strong>A Consultoria Comportamental Online \u00e9 indicada para casos de:<\/strong><\/p>\n\n\n\n<ul class=\"wp-block-list\">\n<li>Animais que n\u00e3o atendem aos pedidos de obedi\u00eancia<\/li>\n\n\n\n<li>Xixi e coc\u00f4 fora do local desejado<\/li>\n\n\n\n<li>Latidos excessivos<\/li>\n\n\n\n<li>Destrui\u00e7\u00e3o de m\u00f3veis e objetos<\/li>\n\n\n\n<li>Orienta\u00e7\u00e3o de como criar um filhote para evitar problemas futuros<\/li>\n\n\n\n<li>Brincadeiras de morder<\/li>\n\n\n\n<li>Chegada de um beb\u00ea humano<\/li>\n\n\n\n<li>Animais que n\u00e3o se deixam tocar, tomar banho, consulta ao veterin\u00e1rio, \u2026<\/li>\n\n\n\n<li>Agressividade contra pessoas ou outros animais<\/li>\n\n\n\n<li>Medo e fobia de pessoas, animais, objetos, chuva, foguetes, \u2026<\/li>\n\n\n\n<li>Escolha do animal adequado para cada estilo de vida<\/li>\n\n\n\n<li>Introdu\u00e7\u00e3o de novos membros na casa<\/li>\n\n\n\n<li>Ansiedade de separa\u00e7\u00e3o (animais que n\u00e3o ficam sozinhos)<\/li>\n\n\n\n<li>Coprofagia (animais que comem fezes).<\/li>\n<\/ul>\n","protected":false},"excerpt":{"rendered":"<p>&nbsp;&nbsp;&nbsp;&nbsp; Frequentemente, c\u00e3es e gatos s\u00e3o doados ou abandonados por problemas de comportamento, que muitas vezes s\u00e3o at\u00e9 simples de resolver. Muitos dos atendimentos comportamentais que realizo t\u00eam origem na fam\u00edlia humana n\u00e3o entender o que seus animais realmente necessitam e o que eles est\u00e3o comunicando com os \u201cmaus comportamentos\u201d. O que falta nessas situa\u00e7\u00f5es, \u00e9&nbsp;acesso a informa\u00e7\u00e3o de qualidade&nbsp;sobre como lidar com esses problemas. COMO FUNCIONA: \u00a0\u00a0\u00a0\u00a0 A Consultoria Comportamental Online\u00a0visa o tratamento de problemas comportamentais de c\u00e3es e gatos e orienta\u00e7\u00e3o aos tutores que residam em qualquer lugar do mundo. \u00a0\u00a0\u00a0\u00a0 Os atendimentos s\u00e3o realizados por Whatsapp e&#8230; <\/p>\n","protected":false},"author":1,"featured_media":0,"parent":0,"menu_order":0,"comment_status":"closed","ping_status":"closed","template":"","meta":{"footnotes":""},"class_list":["post-2","page","type-page","status-publish","hentry"],"aioseo_notices":[],"_links":{"self":[{"href":"https:\/\/carolinepezzi.com.br\/index.php\/wp-json\/wp\/v2\/pages\/2","targetHints":{"allow":["GET"]}}],"collection":[{"href":"https:\/\/carolinepezzi.com.br\/index.php\/wp-json\/wp\/v2\/pages"}],"about":[{"href":"https:\/\/carolinepezzi.com.br\/index.php\/wp-json\/wp\/v2\/types\/page"}],"author":[{"embeddable":true,"href":"https:\/\/carolinepezzi.com.br\/index.php\/wp-json\/wp\/v2\/users\/1"}],"replies":[{"embeddable":true,"href":"https:\/\/carolinepezzi.com.br\/index.php\/wp-json\/wp\/v2\/comments?post=2"}],"version-history":[{"count":8,"href":"https:\/\/carolinepezzi.com.br\/index.php\/wp-json\/wp\/v2\/pages\/2\/revisions"}],"predecessor-version":[{"id":501,"href":"https:\/\/carolinepezzi.com.br\/index.php\/wp-json\/wp\/v2\/pages\/2\/revisions\/501"}],"wp:attachment":[{"href":"https:\/\/carolinepezzi.com.br\/index.php\/wp-json\/wp\/v2\/media?parent=2"}],"curies":[{"name":"wp","href":"https:\/\/api.w.org\/{rel}","templated":true}]}}